{"id":138,"date":"2015-10-22T15:31:54","date_gmt":"2015-10-22T15:31:54","guid":{"rendered":"http:\/\/test.kriesi.at\/construction\/?page_id=138"},"modified":"2023-10-18T02:05:51","modified_gmt":"2023-10-18T02:05:51","slug":"house-renovation","status":"publish","type":"page","link":"https:\/\/majuycomunicaciones.com.co\/index.php\/service\/house-renovation\/","title":{"rendered":"Dise\u00f1o"},"content":{"rendered":"<div  class='avia-slideshow av-gox0oq-2afc3bee6cb15272381a53d5d353cc78 avia-slideshow-featured_large av_slideshow avia-fade-slider  avia-builder-el-0  el_before_av_one_half  avia-builder-el-first  av-slideshow-ui av-control-hidden av-no-slider-navigation av-hide-nav-arrows av-slideshow-autoplay av-loop-endless av-loop-manual-endless av-default-height-applied avia-slideshow-1' data-slideshow-options=\"{&quot;animation&quot;:&quot;fade&quot;,&quot;autoplay&quot;:true,&quot;loop_autoplay&quot;:&quot;endless&quot;,&quot;interval&quot;:5,&quot;loop_manual&quot;:&quot;manual-endless&quot;,&quot;autoplay_stopper&quot;:false,&quot;noNavigation&quot;:true,&quot;bg_slider&quot;:false,&quot;keep_padding&quot;:false,&quot;hoverpause&quot;:false,&quot;show_slide_delay&quot;:0}\"  itemprop=\"image\" itemscope=\"itemscope\" itemtype=\"https:\/\/schema.org\/ImageObject\" ><ul class='avia-slideshow-inner ' style='padding-bottom: 42%;'><li  data-controls='aviaTBaviaTBvideo_controls' data-mute='aviaTBaviaTBvideo_mute' data-loop='aviaTBaviaTBvideo_loop' data-disable-autoplay=''  data-video-ratio='1.7777777777778' class='avia-slideshow-slide av-gox0oq-2afc3bee6cb15272381a53d5d353cc78__0  av-video-slide  av-video-service-html5  av-hide-video-controls av-mute-video av-loop-video av-mobile-fallback-image  av-single-slide slide-1 slide-odd'><div data-rel='slideshow-1' class='avia-slide-wrap '    itemprop=\"video\" itemtype=\"https:\/\/schema.org\/VideoObject\" ><div class='av-click-overlay'><\/div><video class='avia_video'  autoplay playsinline loop preload=\"metadata\" muted  id='player_138_1052709181_227898466'><source src=\"https:\/\/majuycomunicaciones.com.co\/wp-content\/uploads\/2023\/10\/diseno-1.mp4\" type=\"video\/mp4\" \/><\/video><div class=\"av-click-to-play-overlay\"><div class=\"avia_playpause_icon\"><\/div><\/div><\/div><\/li><\/ul><\/div>\n\n<style type=\"text\/css\" data-created_by=\"avia_inline_auto\" id=\"style-css-av-1egwaa-6e4e2983df30a8a59b63e3799df7bcaa\">\n#top .flex_column.av-1egwaa-6e4e2983df30a8a59b63e3799df7bcaa{\nmargin-top:0px;\nmargin-bottom:0px;\n}\n.flex_column.av-1egwaa-6e4e2983df30a8a59b63e3799df7bcaa{\nborder-radius:0px 0px 0px 0px;\npadding:0px 0px 0px 0px;\n}\n.responsive #top #wrap_all .flex_column.av-1egwaa-6e4e2983df30a8a59b63e3799df7bcaa{\nmargin-top:0px;\nmargin-bottom:0px;\n}\n<\/style>\n<div  id=\"freepress\"  class='flex_column av-1egwaa-6e4e2983df30a8a59b63e3799df7bcaa av_one_half  avia-builder-el-1  el_after_av_slideshow  el_before_av_one_half  first flex_column_div av-animated-generic bottom-to-top av-zero-column-padding  '     ><section  class='av_textblock_section av-dsm1oa-af02ec7bbfa8bd5acef4dfbbe7f32c9c '   itemscope=\"itemscope\" itemtype=\"https:\/\/schema.org\/CreativeWork\" ><div class='avia_textblock'  itemprop=\"text\" ><h3><strong>Dise\u00f1o Gr\u00e1fico y Animaci\u00f3n<\/strong><\/h3>\n<p style=\"text-align: justify;\"><strong>\u00a0<\/strong>Majuy Comunicaciones cuenta con el apoyo de un talentoso grupo de profesionales en las diferentes \u00e1reas del dise\u00f1o gr\u00e1fico, todos trabajando en pro de desarrollar los mejores conceptos gr\u00e1ficos para tu marca o empresa. Entre los servicios de dise\u00f1o que podemos ofrecerte se encuentran los siguientes:<\/p>\n<\/div><\/section><br \/>\n<div  class='togglecontainer av-lnks70dn-40b22508aa3e17a64ab8672fd14191bb  avia-builder-el-3  el_after_av_textblock  avia-builder-el-last  toggle_close_all' >\n<section class='av_toggle_section av-lnks3dbv-996f9c3ab94a63ebeba01445b1bd22af'  itemscope=\"itemscope\" itemtype=\"https:\/\/schema.org\/CreativeWork\" ><div role=\"tablist\" class=\"single_toggle\" data-tags=\"{Todo} \"  ><p id='toggle-toggle-id-1' data-fake-id='#toggle-id-1' class='toggler  av-title-above '  itemprop=\"headline\"  role='tab' tabindex='0' aria-controls='toggle-id-1' data-slide-speed=\"200\" data-title=\"Dise\u00f1o Publicitario\" data-title-open=\"\" data-aria_collapsed=\"Click to expand: Dise\u00f1o Publicitario\" data-aria_expanded=\"Click to collapse: Dise\u00f1o Publicitario\">Dise\u00f1o Publicitario<span class=\"toggle_icon\"><span class=\"vert_icon\"><\/span><span class=\"hor_icon\"><\/span><\/span><\/p><div id='toggle-id-1' aria-labelledby='toggle-toggle-id-1' role='region' class='toggle_wrap  av-title-above'  ><div class='toggle_content invers-color '  itemprop=\"text\" ><p style=\"text-align: justify;\">Con nuestro equipo de dise\u00f1o te ayudamos en el desarrollo de piezas publicitarias creadas para generar el mayor impacto visual en tus clientes. Nos encargamos de todo lo necesario para el dise\u00f1o e impresi\u00f3n de pendones, vallas, bolsas publicitarias, portafolios y se\u00f1al\u00e9tica.<\/p>\n<\/div><\/div><\/div><\/section>\n<section class='av_toggle_section av-lnks43aa-96a30db0676c36a2527e36ae341521a1'  itemscope=\"itemscope\" itemtype=\"https:\/\/schema.org\/CreativeWork\" ><div role=\"tablist\" class=\"single_toggle\" data-tags=\"{Todo} \"  ><p id='toggle-toggle-id-2' data-fake-id='#toggle-id-2' class='toggler  av-title-above '  itemprop=\"headline\"  role='tab' tabindex='0' aria-controls='toggle-id-2' data-slide-speed=\"200\" data-title=\"Identidad De Marca\" data-title-open=\"\" data-aria_collapsed=\"Click to expand: Identidad De Marca\" data-aria_expanded=\"Click to collapse: Identidad De Marca\">Identidad De Marca<span class=\"toggle_icon\"><span class=\"vert_icon\"><\/span><span class=\"hor_icon\"><\/span><\/span><\/p><div id='toggle-id-2' aria-labelledby='toggle-toggle-id-2' role='region' class='toggle_wrap  av-title-above'  ><div class='toggle_content invers-color '  itemprop=\"text\" ><p style=\"text-align: justify;\">Te ayudamos a crear tu identidad corporativa para darle valor y coherencia gr\u00e1fica a tu marca. Usos de logotipo, colores, tipograf\u00edas y todo lo que necesites; nuestros especialistas te ayudar\u00e1n a darle vida al logo que siempre so\u00f1aste para tu empresa o a redise\u00f1arlo si ya lo tienes y deseas cambiarlo. Adem\u00e1s de dise\u00f1ar toda la papeler\u00eda que necesitas para toda la recordaci\u00f3n de tu marca.<\/p>\n<\/div><\/div><\/div><\/section>\n<section class='av_toggle_section av-lnks4q1m-4c8e5326bf741eabf7fadd6a033f27fc'  itemscope=\"itemscope\" itemtype=\"https:\/\/schema.org\/CreativeWork\" ><div role=\"tablist\" class=\"single_toggle\" data-tags=\"{Todo} \"  ><p id='toggle-toggle-id-3' data-fake-id='#toggle-id-3' class='toggler  av-title-above '  itemprop=\"headline\"  role='tab' tabindex='0' aria-controls='toggle-id-3' data-slide-speed=\"200\" data-title=\"Branding De Espacios\" data-title-open=\"\" data-aria_collapsed=\"Click to expand: Branding De Espacios\" data-aria_expanded=\"Click to collapse: Branding De Espacios\">Branding De Espacios<span class=\"toggle_icon\"><span class=\"vert_icon\"><\/span><span class=\"hor_icon\"><\/span><\/span><\/p><div id='toggle-id-3' aria-labelledby='toggle-toggle-id-3' role='region' class='toggle_wrap  av-title-above'  ><div class='toggle_content invers-color '  itemprop=\"text\" ><p style=\"text-align: justify;\">Generamos conceptos creativos para la decoraci\u00f3n de tus espacios, oficinas, locales comerciales o stands publicitarios. Tambi\u00e9n contamos con proveedores de impresi\u00f3n que nos permiten ofrecerte un servicio integral para que no tengas que preocuparte por nada.<\/p>\n<\/div><\/div><\/div><\/section>\n<section class='av_toggle_section av-lnks5c48-df1be217c129df7577a59becde93e6ca'  itemscope=\"itemscope\" itemtype=\"https:\/\/schema.org\/CreativeWork\" ><div role=\"tablist\" class=\"single_toggle\" data-tags=\"{Todo} \"  ><p id='toggle-toggle-id-4' data-fake-id='#toggle-id-4' class='toggler  av-title-above '  itemprop=\"headline\"  role='tab' tabindex='0' aria-controls='toggle-id-4' data-slide-speed=\"200\" data-title=\"Dise\u00f1o de Productos y Packaging\" data-title-open=\"\" data-aria_collapsed=\"Click to expand: Dise\u00f1o de Productos y Packaging\" data-aria_expanded=\"Click to collapse: Dise\u00f1o de Productos y Packaging\">Dise\u00f1o de Productos y Packaging<span class=\"toggle_icon\"><span class=\"vert_icon\"><\/span><span class=\"hor_icon\"><\/span><\/span><\/p><div id='toggle-id-4' aria-labelledby='toggle-toggle-id-4' role='region' class='toggle_wrap  av-title-above'  ><div class='toggle_content invers-color '  itemprop=\"text\" ><p style=\"text-align: justify;\">Te ayudamos con el desarrollo del concepto de los empaques de tus productos con dise\u00f1os originales y funcionales. Y en general en el dise\u00f1o de mockups de nuevos productos y etiquetas.<\/p>\n<\/div><\/div><\/div><\/section>\n<section class='av_toggle_section av-lnks5uhn-57a507091c6181e9260ef06a853ecd74'  itemscope=\"itemscope\" itemtype=\"https:\/\/schema.org\/CreativeWork\" ><div role=\"tablist\" class=\"single_toggle\" data-tags=\"{Todo} \"  ><p id='toggle-toggle-id-5' data-fake-id='#toggle-id-5' class='toggler  av-title-above '  itemprop=\"headline\"  role='tab' tabindex='0' aria-controls='toggle-id-5' data-slide-speed=\"200\" data-title=\"Dise\u00f1o Editorial\" data-title-open=\"\" data-aria_collapsed=\"Click to expand: Dise\u00f1o Editorial\" data-aria_expanded=\"Click to collapse: Dise\u00f1o Editorial\">Dise\u00f1o Editorial<span class=\"toggle_icon\"><span class=\"vert_icon\"><\/span><span class=\"hor_icon\"><\/span><\/span><\/p><div id='toggle-id-5' aria-labelledby='toggle-toggle-id-5' role='region' class='toggle_wrap  av-title-above'  ><div class='toggle_content invers-color '  itemprop=\"text\" ><p style=\"text-align: justify;\">Te apoyamos con la diagramaci\u00f3n profesional de textos e im\u00e1genes para tus publicaciones y la maquetaci\u00f3n de cualquier producto impreso que desees elaborar para tu marca (cat\u00e1logos de producto, brochures, volantes, etiquetas, diplomas, tarjetas, certificados, infograf\u00edas, informes de gesti\u00f3n, revistas, cartillas, peri\u00f3dicos comunitarios, manuales o libros)<\/p>\n<\/div><\/div><\/div><\/section>\n<section class='av_toggle_section av-lnks6i7b-b7bd89b1546f9a4fa3d27ac7af301330'  itemscope=\"itemscope\" itemtype=\"https:\/\/schema.org\/CreativeWork\" ><div role=\"tablist\" class=\"single_toggle\" data-tags=\"{Todo} \"  ><p id='toggle-toggle-id-6' data-fake-id='#toggle-id-6' class='toggler  av-title-above '  itemprop=\"headline\"  role='tab' tabindex='0' aria-controls='toggle-id-6' data-slide-speed=\"200\" data-title=\"Ilustraci\u00f3n\" data-title-open=\"\" data-aria_collapsed=\"Click to expand: Ilustraci\u00f3n\" data-aria_expanded=\"Click to collapse: Ilustraci\u00f3n\">Ilustraci\u00f3n<span class=\"toggle_icon\"><span class=\"vert_icon\"><\/span><span class=\"hor_icon\"><\/span><\/span><\/p><div id='toggle-id-6' aria-labelledby='toggle-toggle-id-6' role='region' class='toggle_wrap  av-title-above'  ><div class='toggle_content invers-color '  itemprop=\"text\" ><p style=\"text-align: justify;\">Contamos con el apoyo de ilustradores que podr\u00e1n darle un toque de creatividad e innovaci\u00f3n a tus artes con caricaturas, dibujos y creaci\u00f3n de personajes o mascotas corporativas que aporten valor al contenido y reflejen los valores de tu marca, sus objetivos y su personalidad.<\/p>\n<\/div><\/div><\/div><\/section>\n<section class='av_toggle_section av-lnks6x10-7ba635d74b47335a3c62b85d113850bf'  itemscope=\"itemscope\" itemtype=\"https:\/\/schema.org\/CreativeWork\" ><div role=\"tablist\" class=\"single_toggle\" data-tags=\"{Todo} \"  ><p id='toggle-toggle-id-7' data-fake-id='#toggle-id-7' class='toggler  av-title-above '  itemprop=\"headline\"  role='tab' tabindex='0' aria-controls='toggle-id-7' data-slide-speed=\"200\" data-title=\"Dise\u00f1o Web\" data-title-open=\"\" data-aria_collapsed=\"Click to expand: Dise\u00f1o Web\" data-aria_expanded=\"Click to collapse: Dise\u00f1o Web\">Dise\u00f1o Web<span class=\"toggle_icon\"><span class=\"vert_icon\"><\/span><span class=\"hor_icon\"><\/span><\/span><\/p><div id='toggle-id-7' aria-labelledby='toggle-toggle-id-7' role='region' class='toggle_wrap  av-title-above'  ><div class='toggle_content invers-color '  itemprop=\"text\" ><p style=\"text-align: justify;\">Nuestro equipo tambi\u00e9n te apoyar\u00e1 en la producci\u00f3n de animaciones, dise\u00f1o web y multimedia.<\/p>\n<\/div><\/div><\/div><\/section>\n<\/div><\/p><\/div>\n\n<style type=\"text\/css\" data-created_by=\"avia_inline_auto\" id=\"style-css-av-1amabe-c010935914c8aa0bf5da1588dc0cf079\">\n#top .flex_column.av-1amabe-c010935914c8aa0bf5da1588dc0cf079{\nmargin-top:0px;\nmargin-bottom:0px;\n}\n.flex_column.av-1amabe-c010935914c8aa0bf5da1588dc0cf079{\nborder-radius:0px 0px 0px 0px;\npadding:0px 0px 0px 0px;\n}\n.responsive #top #wrap_all .flex_column.av-1amabe-c010935914c8aa0bf5da1588dc0cf079{\nmargin-top:0px;\nmargin-bottom:0px;\n}\n<\/style>\n<div  class='flex_column av-1amabe-c010935914c8aa0bf5da1588dc0cf079 av_one_half  avia-builder-el-4  el_after_av_one_half  el_before_av_one_full  flex_column_div av-animated-generic bottom-to-top av-zero-column-padding avia-full-stretch  '     ><style type=\"text\/css\" data-created_by=\"avia_inline_auto\" id=\"style-css-av-cstc5m-3c700b427608677f51cef6eb20736c48\">\n.avia-image-container.av-cstc5m-3c700b427608677f51cef6eb20736c48 img.avia_image{\nbox-shadow:none;\n}\n.avia-image-container.av-cstc5m-3c700b427608677f51cef6eb20736c48 .av-image-caption-overlay-center{\ncolor:#ffffff;\n}\n<\/style>\n<div  class='avia-image-container av-cstc5m-3c700b427608677f51cef6eb20736c48 av-styling-no-styling avia-align-center  avia-builder-el-5  avia-builder-el-no-sibling '   itemprop=\"image\" itemscope=\"itemscope\" itemtype=\"https:\/\/schema.org\/ImageObject\" ><div class=\"avia-image-container-inner\"><div class=\"avia-image-overlay-wrap\"><img decoding=\"async\" fetchpriority=\"high\" class='wp-image-1163 avia-img-lazy-loading-not-1163 avia_image ' src=\"https:\/\/majuycomunicaciones.com.co\/wp-content\/uploads\/2023\/10\/foto-para-el-servicio-de-diseno-grafico-y-animacion-1030x690.png\" alt='' title='foto para el servicio de dise\u00f1o gr\u00e1fico y animaci\u00f3n'  height=\"690\" width=\"1030\"  itemprop=\"thumbnailUrl\" srcset=\"https:\/\/majuycomunicaciones.com.co\/wp-content\/uploads\/2023\/10\/foto-para-el-servicio-de-diseno-grafico-y-animacion-1030x690.png 1030w, https:\/\/majuycomunicaciones.com.co\/wp-content\/uploads\/2023\/10\/foto-para-el-servicio-de-diseno-grafico-y-animacion-300x201.png 300w, https:\/\/majuycomunicaciones.com.co\/wp-content\/uploads\/2023\/10\/foto-para-el-servicio-de-diseno-grafico-y-animacion-768x514.png 768w, https:\/\/majuycomunicaciones.com.co\/wp-content\/uploads\/2023\/10\/foto-para-el-servicio-de-diseno-grafico-y-animacion-1536x1028.png 1536w, https:\/\/majuycomunicaciones.com.co\/wp-content\/uploads\/2023\/10\/foto-para-el-servicio-de-diseno-grafico-y-animacion-1500x1004.png 1500w, https:\/\/majuycomunicaciones.com.co\/wp-content\/uploads\/2023\/10\/foto-para-el-servicio-de-diseno-grafico-y-animacion-705x472.png 705w, https:\/\/majuycomunicaciones.com.co\/wp-content\/uploads\/2023\/10\/foto-para-el-servicio-de-diseno-grafico-y-animacion.png 1728w\" sizes=\"(max-width: 1030px) 100vw, 1030px\" \/><\/div><\/div><\/div><\/div>\n\n<style type=\"text\/css\" data-created_by=\"avia_inline_auto\" id=\"style-css-av-19ryhu-1840f3e0585b341d4dfbc8cd867d30ba\">\n.flex_column.av-19ryhu-1840f3e0585b341d4dfbc8cd867d30ba{\nborder-radius:0px 0px 0px 0px;\npadding:0px 0px 0px 0px;\n}\n<\/style>\n<div  class='flex_column av-19ryhu-1840f3e0585b341d4dfbc8cd867d30ba av_one_full  avia-builder-el-6  el_after_av_one_half  el_before_av_one_full  first flex_column_div av-animated-generic bottom-to-top av-zero-column-padding  column-top-margin'     ><style type=\"text\/css\" data-created_by=\"avia_inline_auto\" id=\"style-css-av-ci2rhm-bb73ebd3dd0c259c3b5e1e8ec2bd7029\">\n#top .av-special-heading.av-ci2rhm-bb73ebd3dd0c259c3b5e1e8ec2bd7029{\npadding-bottom:10px;\n}\nbody .av-special-heading.av-ci2rhm-bb73ebd3dd0c259c3b5e1e8ec2bd7029 .av-special-heading-tag .heading-char{\nfont-size:25px;\n}\n.av-special-heading.av-ci2rhm-bb73ebd3dd0c259c3b5e1e8ec2bd7029 .av-subheading{\nfont-size:15px;\n}\n<\/style>\n<div  class='av-special-heading av-ci2rhm-bb73ebd3dd0c259c3b5e1e8ec2bd7029 av-special-heading-h2 blockquote modern-quote modern-centered  avia-builder-el-7  avia-builder-el-no-sibling '><h2 class='av-special-heading-tag '  itemprop=\"headline\"  >Con nuestro servicio de dise\u00f1o gr\u00e1fico profesional podr\u00e1s renovar la imagen de tu marca <\/h2><div class=\"special-heading-border\"><div class=\"special-heading-inner-border\"><\/div><\/div><\/div><\/div>\n\n<style type=\"text\/css\" data-created_by=\"avia_inline_auto\" id=\"style-css-av-c7ad8i-65c7859afdce44210510384e809821bf\">\n.flex_column.av-c7ad8i-65c7859afdce44210510384e809821bf{\nborder-width:1px;\nborder-color:#e1e1e1;\nborder-style:solid;\nborder-radius:0px 0px 0px 0px;\npadding:20px 20px 20px 20px;\nbackground-color:#fcfcfc;\n}\n<\/style>\n<div  class='flex_column av-c7ad8i-65c7859afdce44210510384e809821bf av_one_full  avia-builder-el-8  el_after_av_one_full  el_before_av_one_half  first flex_column_div av-animated-generic bottom-to-top  column-top-margin'     ><section  class='av_textblock_section av-c21n96-74d9f3c4b5d3356857cc29a6e49a54a4 '   itemscope=\"itemscope\" itemtype=\"https:\/\/schema.org\/CreativeWork\" ><div class='avia_textblock'  itemprop=\"text\" ><h3 style=\"text-align: center;\">Nuestro servicio b\u00e1sico incluye:<\/h3>\n<\/div><\/section><\/div>\n\n<style type=\"text\/css\" data-created_by=\"avia_inline_auto\" id=\"style-css-av-7piui-0dc5a788679a60594705cf65c7d4676a\">\n.flex_column.av-7piui-0dc5a788679a60594705cf65c7d4676a{\nborder-width:1px;\nborder-color:#e1e1e1;\nborder-style:solid;\nborder-radius:0px 0px 0px 0px;\npadding:20px 20px 20px 20px;\nbackground-color:#fcfcfc;\n}\n<\/style>\n<div  class='flex_column av-7piui-0dc5a788679a60594705cf65c7d4676a av_one_half  avia-builder-el-10  el_after_av_one_full  el_before_av_one_half  first flex_column_div av-animated-generic bottom-to-top  column-top-margin'     ><section  class='av_textblock_section av-lnks9jws-57a2a81fb9811f61f6df1bae28e77de8 '   itemscope=\"itemscope\" itemtype=\"https:\/\/schema.org\/CreativeWork\" ><div class='avia_textblock'  itemprop=\"text\" ><p><strong>Creaci\u00f3n de Marca y Branding<\/strong><strong>\u00a0<\/strong><\/p>\n<ul>\n<li>Personalidad de la marca: <strong>Tipograf\u00eda, paleta de colores institucionales y fuentes de marca.<\/strong><\/li>\n<li>3 propuestas base del dise\u00f1o de logo\u00a0seg\u00fan los datos suministrados por el cliente.<\/li>\n<li>Dise\u00f1o y correcciones sobre el logo seleccionado por el cliente.<\/li>\n<li>Entrega en\u00a0<strong>diferentes variaciones y formatos de alta resoluci\u00f3n para uso impreso o digital.<\/strong><\/li>\n<li><strong>Manual de uso<\/strong>del logotipo e identidad visual (opcional).<\/li>\n<li>Animaci\u00f3n del logo y cortinilla para apertura de videos de la marca (opcional).<\/li>\n<\/ul>\n<p><strong>Dise\u00f1o de Publicidad<\/strong><strong>\u00a0<\/strong><\/p>\n<ul>\n<li>Dise\u00f1o Gr\u00e1fico de\u00a0<strong>Brochures de servicio.<\/strong><\/li>\n<li>Dise\u00f1o Gr\u00e1fico de\u00a0<strong>Publicidad Exterior (vallas y pendones).<\/strong><\/li>\n<li>Dise\u00f1o Gr\u00e1fico de\u00a0<strong>Etiquetas<\/strong>de Productos (opcional).<\/li>\n<\/ul>\n<\/div><\/section><\/div>\n\n<style type=\"text\/css\" data-created_by=\"avia_inline_auto\" id=\"style-css-av-bruzeq-4ea0f116531061243ab6da1eb9959528\">\n.flex_column.av-bruzeq-4ea0f116531061243ab6da1eb9959528{\nborder-radius:0px 0px 0px 0px;\npadding:20px 20px 20px 20px;\n}\n<\/style>\n<div  class='flex_column av-bruzeq-4ea0f116531061243ab6da1eb9959528 av_one_half  avia-builder-el-12  el_after_av_one_half  el_before_av_one_full  flex_column_div av-animated-generic bottom-to-top  column-top-margin'     ><section  class='av_textblock_section av-lnksbahd-907495dc52179cb87a507808382f7d85 '   itemscope=\"itemscope\" itemtype=\"https:\/\/schema.org\/CreativeWork\" ><div class='avia_textblock'  itemprop=\"text\" ><p><strong>Dise\u00f1o de Papeler\u00eda<\/strong><strong>\u00a0<\/strong><\/p>\n<ul>\n<li>Dise\u00f1o de\u00a0<strong>Tarjetas<\/strong>de Presentaci\u00f3n para imprimir o digital.<\/li>\n<li>Dise\u00f1o Gr\u00e1fico de<\/li>\n<li><strong>Dise\u00f1o de membretes y sobres. (opcional)<\/strong><\/li>\n<li>Dise\u00f1o Gr\u00e1fico de\u00a0<strong>Portafolio<\/strong>de productos.<\/li>\n<\/ul>\n<p><strong>Paquetes a la Medida de Marca, Publicidad y Papeler\u00eda<\/strong><strong>\u00a0<\/strong><\/p>\n<ul>\n<li>Tenemos la capacidad de armar paquetes de 5, 10 o 15 artes a solicitud del cliente y seg\u00fan las necesidades puntuales de la marca, con los mejores precios del mercado.<\/li>\n<\/ul>\n<\/div><\/section><\/div>\n\n<style type=\"text\/css\" data-created_by=\"avia_inline_auto\" id=\"style-css-av-bp6kqa-91dc0c98b5b7fb9035e2e1e6859c9d67\">\n.flex_column.av-bp6kqa-91dc0c98b5b7fb9035e2e1e6859c9d67{\nborder-radius:0px 0px 0px 0px;\npadding:0px 0px 0px 0px;\n}\n<\/style>\n<div  class='flex_column av-bp6kqa-91dc0c98b5b7fb9035e2e1e6859c9d67 av_one_full  avia-builder-el-14  el_after_av_one_half  avia-builder-el-last  first flex_column_div av-animated-generic bottom-to-top av-zero-column-padding  column-top-margin'     ><p>\n<style type=\"text\/css\" data-created_by=\"avia_inline_auto\" id=\"style-css-av-bi7l8i-2dc6983c1e86b008b57c76c9929c82b5\">\n#top .av-special-heading.av-bi7l8i-2dc6983c1e86b008b57c76c9929c82b5{\npadding-bottom:10px;\n}\nbody .av-special-heading.av-bi7l8i-2dc6983c1e86b008b57c76c9929c82b5 .av-special-heading-tag .heading-char{\nfont-size:25px;\n}\n.av-special-heading.av-bi7l8i-2dc6983c1e86b008b57c76c9929c82b5 .av-subheading{\nfont-size:15px;\n}\n<\/style>\n<div  class='av-special-heading av-bi7l8i-2dc6983c1e86b008b57c76c9929c82b5 av-special-heading-h2 blockquote modern-quote modern-centered  avia-builder-el-15  el_before_av_button  avia-builder-el-first '><h2 class='av-special-heading-tag '  itemprop=\"headline\"  >Perm\u00edtenos ayudarte a llevar todas las ideas que tienes para tu marca o empresa a otro nivel<\/h2><div class=\"special-heading-border\"><div class=\"special-heading-inner-border\"><\/div><\/div><\/div><br \/>\n<div  class='avia-button-wrap av-begysa-bb2754526d81b30570ae303d473a09da-wrap avia-button-center  avia-builder-el-16  el_after_av_heading  avia-builder-el-last '><a href='https:\/\/majuycomunicaciones.com.co\/index.php\/contact\/'  class='avia-button av-begysa-bb2754526d81b30570ae303d473a09da av-link-btn avia-icon_select-yes-right-icon avia-size-small avia-position-center avia-color-theme-color'   aria-label=\"Cont\u00e1ctanos\"><span class='avia_iconbox_title' >Cont\u00e1ctanos<\/span><span class='avia_button_icon avia_button_icon_right' aria-hidden='true' data-av_icon='\ue854' data-av_iconfont='entypo-fontello'><\/span><\/a><\/div><\/p><\/div>\n","protected":false},"excerpt":{"rendered":"","protected":false},"author":1,"featured_media":0,"parent":25,"menu_order":0,"comment_status":"closed","ping_status":"closed","template":"","meta":{"om_disable_all_campaigns":false,"footnotes":""},"class_list":["post-138","page","type-page","status-publish","hentry"],"aioseo_notices":[],"_links":{"self":[{"href":"https:\/\/majuycomunicaciones.com.co\/index.php\/wp-json\/wp\/v2\/pages\/138","targetHints":{"allow":["GET"]}}],"collection":[{"href":"https:\/\/majuycomunicaciones.com.co\/index.php\/wp-json\/wp\/v2\/pages"}],"about":[{"href":"https:\/\/majuycomunicaciones.com.co\/index.php\/wp-json\/wp\/v2\/types\/page"}],"author":[{"embeddable":true,"href":"https:\/\/majuycomunicaciones.com.co\/index.php\/wp-json\/wp\/v2\/users\/1"}],"replies":[{"embeddable":true,"href":"https:\/\/majuycomunicaciones.com.co\/index.php\/wp-json\/wp\/v2\/comments?post=138"}],"version-history":[{"count":10,"href":"https:\/\/majuycomunicaciones.com.co\/index.php\/wp-json\/wp\/v2\/pages\/138\/revisions"}],"predecessor-version":[{"id":1325,"href":"https:\/\/majuycomunicaciones.com.co\/index.php\/wp-json\/wp\/v2\/pages\/138\/revisions\/1325"}],"up":[{"embeddable":true,"href":"https:\/\/majuycomunicaciones.com.co\/index.php\/wp-json\/wp\/v2\/pages\/25"}],"wp:attachment":[{"href":"https:\/\/majuycomunicaciones.com.co\/index.php\/wp-json\/wp\/v2\/media?parent=138"}],"curies":[{"name":"wp","href":"https:\/\/api.w.org\/{rel}","templated":true}]}}