{"id":23,"date":"2015-10-15T15:32:40","date_gmt":"2015-10-15T15:32:40","guid":{"rendered":"http:\/\/wpoffice\/construction\/?page_id=23"},"modified":"2023-10-27T10:19:40","modified_gmt":"2023-10-27T10:19:40","slug":"contact","status":"publish","type":"page","link":"https:\/\/majuycomunicaciones.com.co\/index.php\/contact\/","title":{"rendered":"Cont\u00e1ctanos"},"content":{"rendered":"<div  class='avia-slideshow av-lnv5ej5k-b9efb0e17cdcd830d4f2e7b8b4dddcdb avia-slideshow-featured av_slideshow avia-slide-slider  avia-builder-el-0  el_before_av_two_third  avia-builder-el-first  av-slideshow-ui av-control-default av-slideshow-manual av-loop-once av-loop-manual-endless av-default-height-applied avia-slideshow-1' data-slideshow-options=\"{&quot;animation&quot;:&quot;slide&quot;,&quot;autoplay&quot;:false,&quot;loop_autoplay&quot;:&quot;once&quot;,&quot;interval&quot;:5,&quot;loop_manual&quot;:&quot;manual-endless&quot;,&quot;autoplay_stopper&quot;:false,&quot;noNavigation&quot;:false,&quot;bg_slider&quot;:false,&quot;keep_padding&quot;:false,&quot;hoverpause&quot;:false,&quot;show_slide_delay&quot;:0}\"  itemprop=\"image\" itemscope=\"itemscope\" itemtype=\"https:\/\/schema.org\/ImageObject\" ><ul class='avia-slideshow-inner ' style='padding-bottom: 28.666666666667%;'><li  data-controls='aviaTBaviaTBvideo_controls' data-mute='aviaTBaviaTBvideo_mute' data-loop='aviaTBaviaTBvideo_loop' data-disable-autoplay=''  data-video-ratio='1.7777777777778' class='avia-slideshow-slide av-lnv5ej5k-b9efb0e17cdcd830d4f2e7b8b4dddcdb__0  av-video-slide  av-video-service-html5  av-hide-video-controls av-mute-video av-loop-video av-mobile-fallback-image  av-single-slide slide-1 slide-odd'><div data-rel='slideshow-1' class='avia-slide-wrap '    itemprop=\"video\" itemtype=\"https:\/\/schema.org\/VideoObject\" ><div class='av-click-overlay'><\/div><video class='avia_video'  autoplay playsinline loop preload=\"metadata\" muted  id='player_23_1616569242_1767510159'><source src=\"https:\/\/majuycomunicaciones.com.co\/wp-content\/uploads\/2023\/10\/contactanos.mp4\" type=\"video\/mp4\" \/><\/video><div class=\"av-click-to-play-overlay\"><div class=\"avia_playpause_icon\"><\/div><\/div><\/div><\/li><\/ul><\/div>\n\n<style type=\"text\/css\" data-created_by=\"avia_inline_auto\" id=\"style-css-av-9iulz-e18c0be26fe0339317200c8a8c28fbcf\">\n.flex_column.av-9iulz-e18c0be26fe0339317200c8a8c28fbcf{\nborder-radius:0px 0px 0px 0px;\npadding:0px 0px 0px 0px;\n}\n<\/style>\n<div  class='flex_column av-9iulz-e18c0be26fe0339317200c8a8c28fbcf av_two_third  avia-builder-el-1  el_after_av_slideshow  el_before_av_one_third  first flex_column_div av-animated-generic bottom-to-top av-zero-column-padding  '     ><p>\n<style type=\"text\/css\" data-created_by=\"avia_inline_auto\" id=\"style-css-av-8flez-abfafbe2071a6a5a4d92730e8e81dd02\">\n#top .av-special-heading.av-8flez-abfafbe2071a6a5a4d92730e8e81dd02{\npadding-bottom:0;\n}\nbody .av-special-heading.av-8flez-abfafbe2071a6a5a4d92730e8e81dd02 .av-special-heading-tag .heading-char{\nfont-size:25px;\n}\n.av-special-heading.av-8flez-abfafbe2071a6a5a4d92730e8e81dd02 .av-subheading{\nfont-size:15px;\n}\n<\/style>\n<div  class='av-special-heading av-8flez-abfafbe2071a6a5a4d92730e8e81dd02 av-special-heading-h3 blockquote modern-quote  avia-builder-el-2  el_before_av_hr  avia-builder-el-first '><h3 class='av-special-heading-tag '  itemprop=\"headline\"  >Cont\u00e1ctanos<\/h3><div class=\"special-heading-border\"><div class=\"special-heading-inner-border\"><\/div><\/div><\/div><br \/>\n\n<style type=\"text\/css\" data-created_by=\"avia_inline_auto\" id=\"style-css-av-87zyj-c5816d303a15fa8e220384d6fcc9c104\">\n#top .hr.av-87zyj-c5816d303a15fa8e220384d6fcc9c104{\nmargin-top:10px;\nmargin-bottom:10px;\n}\n.hr.av-87zyj-c5816d303a15fa8e220384d6fcc9c104 .hr-inner{\nwidth:50px;\nborder-color:#efbb20;\n}\n<\/style>\n<div  class='hr av-87zyj-c5816d303a15fa8e220384d6fcc9c104 hr-custom  avia-builder-el-3  el_after_av_heading  el_before_av_contact  hr-left hr-icon-no'><span class='hr-inner inner-border-av-border-fat'><span class=\"hr-inner-style\"><\/span><\/span><\/div><br \/>\n<form action=\"https:\/\/majuycomunicaciones.com.co\/index.php\/contact\/\" method=\"post\" data-fields-with-error=\"Found errors in the following field(s):\" class=\"avia_ajax_form av-form-labels-visible   avia-builder-el-4  el_after_av_hr  el_before_av_image   \" data-avia-form-id=\"1\" data-avia-redirect='' ><fieldset><p class='  first_form  form_element form_element_half' id='element_avia_1_1'><label for=\"avia_1_1\">Nombre <abbr class=\"required\" title=\"requerido\">*<\/abbr><\/label> <input name=\"avia_1_1\" class=\"text_input is_empty\" type=\"text\" id=\"avia_1_1\" value=\"\" \/><\/p><p class='  form_element form_element_half' id='element_avia_2_1'><label for=\"avia_2_1\">E-Mail <abbr class=\"required\" title=\"requerido\">*<\/abbr><\/label> <input name=\"avia_2_1\" class=\"text_input is_email\" type=\"text\" id=\"avia_2_1\" value=\"\" \/><\/p><p class='  first_form  form_element form_element_half' id='element_avia_3_1'><label for=\"avia_3_1\">Titulo <abbr class=\"required\" title=\"requerido\">*<\/abbr><\/label> <input name=\"avia_3_1\" class=\"text_input is_empty\" type=\"text\" id=\"avia_3_1\" value=\"\" \/><\/p><p class='  form_element form_element_half' id='element_avia_4_1'><label for=\"avia_4_1\">Tipo de mensaje <abbr class=\"required\" title=\"requerido\">*<\/abbr><\/label><select  name=\"avia_4_1\" class=\"select is_empty\" id=\"avia_4_1\"><option   value='General'>General<\/option><option   value='Comunicaciones'>Comunicaciones<\/option><option   value='Publicidad'>Publicidad<\/option><option   value='Mercadeo'>Mercadeo<\/option><option   value='Dise\u00f1o'>Dise\u00f1o<\/option><option   value='Audiovisuales'>Audiovisuales<\/option><option   value='Productos promocionales'>Productos promocionales<\/option><option   value='Otro'>Otro<\/option><\/select><\/p><p class='  first_form  form_element form_fullwidth av-last-visible-form-element' id='element_avia_5_1'><label for=\"avia_5_1\" class=\"textare_label hidden textare_label_avia_5_1\">Mensaje <abbr class=\"required\" title=\"requerido\">*<\/abbr><\/label><textarea  name=\"avia_5_1\" class=\"text_area is_empty\" cols=\"40\" rows=\"7\" id=\"avia_5_1\" ><\/textarea><\/p><p class=\"hidden\"><input type=\"text\" name=\"avia_6_1\" class=\"hidden \" id=\"avia_6_1\" value=\"\" \/><\/p><p class=\"form_element \"><input type=\"hidden\" value=\"1\" name=\"avia_generated_form1\" \/><input type=\"submit\" value=\"Enviar\" class=\"button\"  data-sending-label=\"Enviando\"\/><\/p><\/fieldset><\/form><div id=\"ajaxresponse_1\" class=\"ajaxresponse ajaxresponse_1 hidden\"><\/div><br \/>\n\n<style type=\"text\/css\" data-created_by=\"avia_inline_auto\" id=\"style-css-av-lo549wnv-e1c40fd58564689ad4e7496cebbfacd1\">\n.avia-image-container.av-lo549wnv-e1c40fd58564689ad4e7496cebbfacd1 img.avia_image{\nbox-shadow:none;\n}\n.avia-image-container.av-lo549wnv-e1c40fd58564689ad4e7496cebbfacd1 .av-image-caption-overlay-center{\ncolor:#ffffff;\n}\n<\/style>\n<div  class='avia-image-container av-lo549wnv-e1c40fd58564689ad4e7496cebbfacd1 av-styling- av-img-linked avia-align-center  avia-builder-el-5  el_after_av_contact  avia-builder-el-last '   itemprop=\"image\" itemscope=\"itemscope\" itemtype=\"https:\/\/schema.org\/ImageObject\" ><div class=\"avia-image-container-inner\"><div class=\"avia-image-overlay-wrap\"><a href=\"https:\/\/wa.me\/573115212269?text=\" class='avia_image '  target=\"_blank\"  rel=\"noopener noreferrer\" aria-label='wacontact'><img decoding=\"async\" fetchpriority=\"high\" class='wp-image-1609 avia-img-lazy-loading-not-1609 avia_image ' src=\"https:\/\/majuycomunicaciones.com.co\/wp-content\/uploads\/2023\/10\/wacontact.png\" alt='' title='wacontact'  height=\"225\" width=\"225\"  itemprop=\"thumbnailUrl\" srcset=\"https:\/\/majuycomunicaciones.com.co\/wp-content\/uploads\/2023\/10\/wacontact.png 225w, https:\/\/majuycomunicaciones.com.co\/wp-content\/uploads\/2023\/10\/wacontact-80x80.png 80w, https:\/\/majuycomunicaciones.com.co\/wp-content\/uploads\/2023\/10\/wacontact-36x36.png 36w, https:\/\/majuycomunicaciones.com.co\/wp-content\/uploads\/2023\/10\/wacontact-180x180.png 180w\" sizes=\"(max-width: 225px) 100vw, 225px\" \/><\/a><\/div><\/div><\/div><\/p><\/div>\n<style type=\"text\/css\" data-created_by=\"avia_inline_auto\" id=\"style-css-av-44i2z-f39e034e3f2c1689aba064047bd3c070\">\n.flex_column.av-44i2z-f39e034e3f2c1689aba064047bd3c070{\nborder-radius:0px 0px 0px 0px;\npadding:0px 0px 0px 0px;\n}\n<\/style>\n<div  class='flex_column av-44i2z-f39e034e3f2c1689aba064047bd3c070 av_one_third  avia-builder-el-6  el_after_av_two_third  avia-builder-el-last  flex_column_div av-animated-generic bottom-to-top av-zero-column-padding  '     ><p>\n<style type=\"text\/css\" data-created_by=\"avia_inline_auto\" id=\"style-css-av-375mb-53c8323ad2982627bd51bae2adbd255a\">\n#top .av-special-heading.av-375mb-53c8323ad2982627bd51bae2adbd255a{\npadding-bottom:0;\n}\nbody .av-special-heading.av-375mb-53c8323ad2982627bd51bae2adbd255a .av-special-heading-tag .heading-char{\nfont-size:25px;\n}\n.av-special-heading.av-375mb-53c8323ad2982627bd51bae2adbd255a .av-subheading{\nfont-size:15px;\n}\n<\/style>\n<div  class='av-special-heading av-375mb-53c8323ad2982627bd51bae2adbd255a av-special-heading-h3 blockquote modern-quote  avia-builder-el-7  el_before_av_hr  avia-builder-el-first '><h3 class='av-special-heading-tag '  itemprop=\"headline\"  >Comun\u00edcate con nosotros<\/h3><div class=\"special-heading-border\"><div class=\"special-heading-inner-border\"><\/div><\/div><\/div><br \/>\n\n<style type=\"text\/css\" data-created_by=\"avia_inline_auto\" id=\"style-css-av-2qlef-5e7ea904c7ed8f79c5b1ce19897c7191\">\n#top .hr.av-2qlef-5e7ea904c7ed8f79c5b1ce19897c7191{\nmargin-top:10px;\nmargin-bottom:10px;\n}\n.hr.av-2qlef-5e7ea904c7ed8f79c5b1ce19897c7191 .hr-inner{\nwidth:50px;\nborder-color:#efbb20;\n}\n<\/style>\n<div  class='hr av-2qlef-5e7ea904c7ed8f79c5b1ce19897c7191 hr-custom  avia-builder-el-8  el_after_av_heading  el_before_av_textblock  hr-left hr-icon-no'><span class='hr-inner inner-border-av-border-fat'><span class=\"hr-inner-style\"><\/span><\/span><\/div><br \/>\n<section  class='av_textblock_section av-ywqb-68ad649d6acce7a224beec4bcfd5208b '   itemscope=\"itemscope\" itemtype=\"https:\/\/schema.org\/CreativeWork\" ><div class='avia_textblock'  itemprop=\"text\" ><p>Contactarnos es muy f\u00e1cil, puedes hacerlo a trav\u00e9s de cualquiera de nuestros medios de comunicaci\u00f3n oficiales como whatsApp, Correo El\u00e9ctronico o Redes Sociales. Podemos atenderte de manera presencial en Bogot\u00e1 y la Sabana o de manera remota desde cualquier lugar del pa\u00eds. Escr\u00edbenos o ll\u00e1manos y te daremos una asesor\u00eda sin costo alguno.<\/p>\n<p><strong>Direcci\u00f3n<\/strong><br \/>\nTENJO\/ CUNIDINAMARCA \/ COLOMBIA<\/p>\n<p><strong>Contacto<\/strong><br \/>\n<a href=\"mailto:info@majuycomunicaciones.com.co\">info@majuycomunicaciones.com.co<\/a><br \/>\n+57 3115212269<\/p>\n<p><strong>Horarios:<\/strong><br \/>\nDe lunes a Viernes de 08 am a 06:00 pm<\/p>\n<\/div><\/section><\/p><\/div><\/p>\n","protected":false},"excerpt":{"rendered":"","protected":false},"author":1,"featured_media":0,"parent":0,"menu_order":0,"comment_status":"closed","ping_status":"closed","template":"","meta":{"om_disable_all_campaigns":false,"footnotes":""},"class_list":["post-23","page","type-page","status-publish","hentry"],"aioseo_notices":[],"_links":{"self":[{"href":"https:\/\/majuycomunicaciones.com.co\/index.php\/wp-json\/wp\/v2\/pages\/23","targetHints":{"allow":["GET"]}}],"collection":[{"href":"https:\/\/majuycomunicaciones.com.co\/index.php\/wp-json\/wp\/v2\/pages"}],"about":[{"href":"https:\/\/majuycomunicaciones.com.co\/index.php\/wp-json\/wp\/v2\/types\/page"}],"author":[{"embeddable":true,"href":"https:\/\/majuycomunicaciones.com.co\/index.php\/wp-json\/wp\/v2\/users\/1"}],"replies":[{"embeddable":true,"href":"https:\/\/majuycomunicaciones.com.co\/index.php\/wp-json\/wp\/v2\/comments?post=23"}],"version-history":[{"count":16,"href":"https:\/\/majuycomunicaciones.com.co\/index.php\/wp-json\/wp\/v2\/pages\/23\/revisions"}],"predecessor-version":[{"id":1683,"href":"https:\/\/majuycomunicaciones.com.co\/index.php\/wp-json\/wp\/v2\/pages\/23\/revisions\/1683"}],"wp:attachment":[{"href":"https:\/\/majuycomunicaciones.com.co\/index.php\/wp-json\/wp\/v2\/media?parent=23"}],"curies":[{"name":"wp","href":"https:\/\/api.w.org\/{rel}","templated":true}]}}