{"id":31,"date":"2015-10-21T12:34:01","date_gmt":"2015-10-21T12:34:01","guid":{"rendered":"http:\/\/test.kriesi.at\/construction\/?page_id=31"},"modified":"2025-07-08T02:05:41","modified_gmt":"2025-07-08T02:05:41","slug":"company","status":"publish","type":"page","link":"https:\/\/majuycomunicaciones.com.co\/index.php\/company\/","title":{"rendered":"\u00bfQui\u00e9nes Somos?"},"content":{"rendered":"\n<style type=\"text\/css\" data-created_by=\"avia_inline_auto\" id=\"style-css-av-d90pj-0eda27604d3ecf9829fa0c4b5ccc421f\">\n.avia-section.av-d90pj-0eda27604d3ecf9829fa0c4b5ccc421f{\nbackground-color:#fcfcfc;\nbackground-image:unset;\n}\n<\/style>\n<div id='historia'  class='avia-section av-d90pj-0eda27604d3ecf9829fa0c4b5ccc421f main_color avia-section-large avia-no-shadow  avia-builder-el-0  avia-builder-el-no-sibling  avia-bg-style-scroll container_wrap fullsize'  ><div class='container av-section-cont-open' ><main  role=\"main\" itemprop=\"mainContentOfPage\"  class='template-page content  av-content-full alpha units'><div class='post-entry post-entry-type-page post-entry-31'><div class='entry-content-wrapper clearfix'>\n\n<style type=\"text\/css\" data-created_by=\"avia_inline_auto\" id=\"style-css-av-cp77f-754edee8fd1b8c651fbc989127aaa308\">\n.flex_column.av-cp77f-754edee8fd1b8c651fbc989127aaa308{\nborder-width:1px;\nborder-color:#e1e1e1;\nborder-style:solid;\nborder-radius:0px 0px 0px 0px;\npadding:20px 20px 20px 20px;\nbackground-color:#ffffff;\n}\n<\/style>\n<div  class='flex_column av-cp77f-754edee8fd1b8c651fbc989127aaa308 av_one_full  avia-builder-el-1  el_before_av_one_half  avia-builder-el-first  first flex_column_div av-animated-generic bottom-to-top  '     ><p><div  class='avia-slideshow av-lnv345mj-21a2170cc8fc97f9b5e0c3560c3fa433 avia-slideshow-featured av_slideshow avia-slide-slider  avia-builder-el-2  el_before_av_slideshow  avia-builder-el-first  av-small-hide av-mini-hide av-slideshow-ui av-control-default av-slideshow-manual av-loop-once av-loop-manual-endless av-default-height-applied avia-slideshow-1' data-slideshow-options=\"{&quot;animation&quot;:&quot;slide&quot;,&quot;autoplay&quot;:false,&quot;loop_autoplay&quot;:&quot;once&quot;,&quot;interval&quot;:5,&quot;loop_manual&quot;:&quot;manual-endless&quot;,&quot;autoplay_stopper&quot;:false,&quot;noNavigation&quot;:false,&quot;bg_slider&quot;:false,&quot;keep_padding&quot;:false,&quot;hoverpause&quot;:false,&quot;show_slide_delay&quot;:0}\"  itemprop=\"image\" itemscope=\"itemscope\" itemtype=\"https:\/\/schema.org\/ImageObject\" ><ul class='avia-slideshow-inner ' style='padding-bottom: 28.666666666667%;'><li  data-controls='aviaTBaviaTBvideo_controls' data-mute='aviaTBaviaTBvideo_mute' data-loop='aviaTBaviaTBvideo_loop' data-disable-autoplay=''  data-video-ratio='1.7777777777778' class='avia-slideshow-slide av-lnv345mj-21a2170cc8fc97f9b5e0c3560c3fa433__0  av-video-slide  av-video-service-html5  av-hide-video-controls av-mute-video av-loop-video av-mobile-fallback-image  av-single-slide slide-1 slide-odd'><div data-rel='slideshow-1' class='avia-slide-wrap '    itemprop=\"video\" itemtype=\"https:\/\/schema.org\/VideoObject\" ><div class='av-click-overlay'><\/div><video class='avia_video'  autoplay playsinline loop preload=\"metadata\" muted  id='player_31_1945975788_147368486'><source src=\"https:\/\/majuycomunicaciones.com.co\/wp-content\/uploads\/2023\/10\/nuestra-historia-1.mp4\" type=\"video\/mp4\" \/><\/video><div class=\"av-click-to-play-overlay\"><div class=\"avia_playpause_icon\"><\/div><\/div><\/div><\/li><\/ul><\/div><br \/>\n<div  class='avia-slideshow av-lo2wn6fm-5808a64030e8dc9fbf081ea260c39cb8 avia-slideshow-featured av_slideshow avia-slide-slider  avia-builder-el-3  el_after_av_slideshow  el_before_av_textblock  av-desktop-hide av-medium-hide av-slideshow-ui av-control-default av-slideshow-manual av-loop-once av-loop-manual-endless av-default-height-applied avia-slideshow-2' data-slideshow-options=\"{&quot;animation&quot;:&quot;slide&quot;,&quot;autoplay&quot;:false,&quot;loop_autoplay&quot;:&quot;once&quot;,&quot;interval&quot;:5,&quot;loop_manual&quot;:&quot;manual-endless&quot;,&quot;autoplay_stopper&quot;:false,&quot;noNavigation&quot;:false,&quot;bg_slider&quot;:false,&quot;keep_padding&quot;:false,&quot;hoverpause&quot;:false,&quot;show_slide_delay&quot;:0}\"  itemprop=\"image\" itemscope=\"itemscope\" itemtype=\"https:\/\/schema.org\/ImageObject\" ><ul class='avia-slideshow-inner ' style='padding-bottom: 28.666666666667%;'><li  class='avia-slideshow-slide av-lo2wn6fm-5808a64030e8dc9fbf081ea260c39cb8__0  av-single-slide slide-1 slide-odd'><div data-rel='slideshow-2' class='avia-slide-wrap '   ><img decoding=\"async\" fetchpriority=\"high\" class=\"wp-image-1516 avia-img-lazy-loading-not-1516\"  src=\"https:\/\/majuycomunicaciones.com.co\/wp-content\/uploads\/2023\/10\/nuestra-historia-1500x430.png\" width=\"1500\" height=\"430\" title='nuestra historia' alt=''  itemprop=\"thumbnailUrl\"   \/><\/div><\/li><\/ul><\/div><br \/>\n<section  class='av_textblock_section av-cdtbv-9ec967ee05a642b0a36e3c0b57e4765f '   itemscope=\"itemscope\" itemtype=\"https:\/\/schema.org\/CreativeWork\" ><div class='avia_textblock'  itemprop=\"text\" ><p style=\"text-align: justify;\">Majuy Comunicaciones nace en Tenjo, Cundinamarca, su nombre est\u00e1 inspirado precisamente en la cadena monta\u00f1osa que comunica los municipios de Cota, Tenjo y Tabio. El Majuy tambi\u00e9n es considerado uno de los sitios sagrados para los Muiscas, quienes son el pueblo ind\u00edgena que lo ha habitado hist\u00f3ricamente en Colombia. Su imponencia y belleza no pasan desapercibidos para aquellos que disfrutan los paisajes de esta parte de la sabana de Bogot\u00e1.<\/p>\n<p style=\"text-align: justify;\">El Majuy en lengua chibcha o muisca significa \u201cDentro de ti\u201d, y en una acepci\u00f3n un poco m\u00e1s amplia es considerado por algunos como aquel lugar m\u00e1gico que solo puede ser encontrado por aquellos que los buscan de coraz\u00f3n, El Majuy es un lugar de reconciliaci\u00f3n con nosotros mismos, para reencontrarnos y reconectarnos con nuestra esencia.<\/p>\n<p style=\"text-align: justify;\">Por ello para nosotros, fundadores de Majuy Comunicaciones, ten\u00eda todo el sentido honrar este nombre, esta historia y este significado. Majuy es un nuevo comienzo no solo para nosotros, sino para los resultados que sabemos que nuestra agencia ser\u00e1 capaz de lograr por nuestros clientes.<\/p>\n<p style=\"text-align: justify;\">As\u00ed surge Majuy Comunicaciones, como una agencia totalmente independiente de Comunicaciones Integradas y Marketing 360, distinta a lo tradicional y que nace con el objetivo de convertirse en un referente en t\u00e9rminos de apoyo para las PYMES, en las distintas actividades que requieran para alcanzar el logro de sus objetivos de publicidad, dise\u00f1o, mercadeo y comunicaci\u00f3n.<\/p>\n<p style=\"text-align: justify;\">Nuestra raz\u00f3n de ser es poder co-crear junto a nuestros clientes, ideas y conceptos, apoyados por un equipo de profesionales en distintas \u00e1reas de la Comunicaci\u00f3n, que complementan nuestra labor con compromiso y versatilidad, sin los altos costos que normalmente implica la contrataci\u00f3n de una agencia tradicional.<\/p>\n<p style=\"text-align: justify;\">Nuestro Know-how como agencia est\u00e1, no solo en el conocimiento, sino en el relacionamiento que hemos logrado construir a lo largo de m\u00e1s de 19 a\u00f1os de experiencia, lo que permite tener siempre a disposici\u00f3n de nuestros clientes talento cualificado para todos sus proyectos.<\/p>\n<\/div><\/section><\/p><\/div>\n<style type=\"text\/css\" data-created_by=\"avia_inline_auto\" id=\"style-css-av-2mz5r-8c4edc0fcf518ca4ce1de662d2a80909\">\n.flex_column.av-2mz5r-8c4edc0fcf518ca4ce1de662d2a80909{\nborder-radius:0px 0px 0px 0px;\npadding:0px 0px 0px 0px;\n}\n<\/style>\n<div  id=\"mision\"  class='flex_column av-2mz5r-8c4edc0fcf518ca4ce1de662d2a80909 av_one_half  avia-builder-el-5  el_after_av_one_full  el_before_av_one_half  first flex_column_div av-animated-generic bottom-to-top av-zero-column-padding  column-top-margin'     ><p>\n<style type=\"text\/css\" data-created_by=\"avia_inline_auto\" id=\"style-css-av-lnhxernt-2cd000da908b0075bbf4084b35432f2a\">\n.avia-image-container.av-lnhxernt-2cd000da908b0075bbf4084b35432f2a img.avia_image{\nbox-shadow:none;\n}\n.avia-image-container.av-lnhxernt-2cd000da908b0075bbf4084b35432f2a .av-image-caption-overlay-center{\ncolor:#ffffff;\n}\n<\/style>\n<div  class='avia-image-container av-lnhxernt-2cd000da908b0075bbf4084b35432f2a av-styling- avia-align-center  avia-builder-el-6  el_before_av_textblock  avia-builder-el-first '   itemprop=\"image\" itemscope=\"itemscope\" itemtype=\"https:\/\/schema.org\/ImageObject\" ><div class=\"avia-image-container-inner\"><div class=\"avia-image-overlay-wrap\"><img decoding=\"async\" fetchpriority=\"high\" class='wp-image-1171 avia-img-lazy-loading-not-1171 avia_image ' src=\"https:\/\/majuycomunicaciones.com.co\/wp-content\/uploads\/2023\/10\/mision-1030x690.png\" alt='' title='mision'  height=\"690\" width=\"1030\"  itemprop=\"thumbnailUrl\" srcset=\"https:\/\/majuycomunicaciones.com.co\/wp-content\/uploads\/2023\/10\/mision-1030x690.png 1030w, https:\/\/majuycomunicaciones.com.co\/wp-content\/uploads\/2023\/10\/mision-300x201.png 300w, https:\/\/majuycomunicaciones.com.co\/wp-content\/uploads\/2023\/10\/mision-768x514.png 768w, https:\/\/majuycomunicaciones.com.co\/wp-content\/uploads\/2023\/10\/mision-1536x1028.png 1536w, https:\/\/majuycomunicaciones.com.co\/wp-content\/uploads\/2023\/10\/mision-1500x1004.png 1500w, https:\/\/majuycomunicaciones.com.co\/wp-content\/uploads\/2023\/10\/mision-705x472.png 705w, https:\/\/majuycomunicaciones.com.co\/wp-content\/uploads\/2023\/10\/mision.png 1728w\" sizes=\"(max-width: 1030px) 100vw, 1030px\" \/><\/div><\/div><\/div><br \/>\n<section  class='av_textblock_section av-1zp73-732ce4cde75f484fbde5e9571d564934 '   itemscope=\"itemscope\" itemtype=\"https:\/\/schema.org\/CreativeWork\" ><div class='avia_textblock'  itemprop=\"text\" ><p style=\"text-align: justify;\">Ayudar a las PYMES con servicios profesionales de Dise\u00f1o, Publicidad, Marketing y Comunicaci\u00f3n utilizando todos los canales y medios disponibles para apoyarlos en sus objetivos de venta y posicionamiento de marca, esto lo hacemos apalancados en la generaci\u00f3n de contenidos de valor en diferentes formatos.<\/p>\n<\/div><\/section><\/p><\/div>\n<style type=\"text\/css\" data-created_by=\"avia_inline_auto\" id=\"style-css-av-30wb-cdbc6be13caf4295e376f533c986be1e\">\n.flex_column.av-30wb-cdbc6be13caf4295e376f533c986be1e{\nborder-radius:0px 0px 0px 0px;\npadding:0px 0px 0px 0px;\n}\n<\/style>\n<div  id=\"mision\"  class='flex_column av-30wb-cdbc6be13caf4295e376f533c986be1e av_one_half  avia-builder-el-8  el_after_av_one_half  el_before_av_one_half  flex_column_div av-animated-generic bottom-to-top av-zero-column-padding  column-top-margin'     ><p>\n<style type=\"text\/css\" data-created_by=\"avia_inline_auto\" id=\"style-css-av-lp0eej3k-713599b03407a4a918a888e7cefcecf9\">\n.avia-image-container.av-lp0eej3k-713599b03407a4a918a888e7cefcecf9 img.avia_image{\nbox-shadow:none;\n}\n.avia-image-container.av-lp0eej3k-713599b03407a4a918a888e7cefcecf9 .av-image-caption-overlay-center{\ncolor:#ffffff;\n}\n<\/style>\n<div  class='avia-image-container av-lp0eej3k-713599b03407a4a918a888e7cefcecf9 av-styling- avia-align-center  avia-builder-el-9  el_before_av_textblock  avia-builder-el-first '   itemprop=\"image\" itemscope=\"itemscope\" itemtype=\"https:\/\/schema.org\/ImageObject\" ><div class=\"avia-image-container-inner\"><div class=\"avia-image-overlay-wrap\"><img decoding=\"async\" fetchpriority=\"high\" class='wp-image-1174 avia-img-lazy-loading-not-1174 avia_image ' src=\"https:\/\/majuycomunicaciones.com.co\/wp-content\/uploads\/2023\/10\/8-1.png\" alt='' title='8'  height=\"1157\" width=\"1728\"  itemprop=\"thumbnailUrl\" srcset=\"https:\/\/majuycomunicaciones.com.co\/wp-content\/uploads\/2023\/10\/8-1.png 1728w, https:\/\/majuycomunicaciones.com.co\/wp-content\/uploads\/2023\/10\/8-1-300x201.png 300w, https:\/\/majuycomunicaciones.com.co\/wp-content\/uploads\/2023\/10\/8-1-1030x690.png 1030w, https:\/\/majuycomunicaciones.com.co\/wp-content\/uploads\/2023\/10\/8-1-768x514.png 768w, https:\/\/majuycomunicaciones.com.co\/wp-content\/uploads\/2023\/10\/8-1-1536x1028.png 1536w, https:\/\/majuycomunicaciones.com.co\/wp-content\/uploads\/2023\/10\/8-1-1500x1004.png 1500w, https:\/\/majuycomunicaciones.com.co\/wp-content\/uploads\/2023\/10\/8-1-705x472.png 705w\" sizes=\"(max-width: 1728px) 100vw, 1728px\" \/><\/div><\/div><\/div><br \/>\n<section  class='av_textblock_section av-lp0efa6b-7405664da7f0560e192bb1b174109132 '   itemscope=\"itemscope\" itemtype=\"https:\/\/schema.org\/CreativeWork\" ><div class='avia_textblock'  itemprop=\"text\" ><p style=\"text-align: justify;\">Convertirnos en un referente de las Comunicaciones y el Marketing para las PYMES y apoyarlas en mejorar su imagen, su marca y su comunicaci\u00f3n. Ofreciendo un conjunto de servicios que tradicionalmente prestar\u00eda una agencia, pero sin incurrir en los grandes costos de inversi\u00f3n y fee que implica contratarla. Esto har\u00e1 sentir a nuestros clientes que cuentan con su propio departamento de Marketing y Comunicaciones y con un equipo especialista y profesional trabajando de manera freelance para y por los objetivos de su empresa.<\/p>\n<\/div><\/section><\/p><\/div>\n<style type=\"text\/css\" data-created_by=\"avia_inline_auto\" id=\"style-css-av-2hiv3-20f32fd8987ea05612b0c1e466778101\">\n.flex_column.av-2hiv3-20f32fd8987ea05612b0c1e466778101{\nborder-radius:0px 0px 0px 0px;\npadding:0px 0px 0px 0px;\n}\n<\/style>\n<div  id=\"equipo\"  class='flex_column av-2hiv3-20f32fd8987ea05612b0c1e466778101 av_one_half  avia-builder-el-11  el_after_av_one_half  el_before_av_one_half  first flex_column_div av-animated-generic bottom-to-top av-zero-column-padding  column-top-margin'     ><p>\n<style type=\"text\/css\" data-created_by=\"avia_inline_auto\" id=\"style-css-av-lnvkmiuj-d181d161279e08aef5df88c4d6240e8c\">\n.avia-image-container.av-lnvkmiuj-d181d161279e08aef5df88c4d6240e8c img.avia_image{\nbox-shadow:none;\n}\n.avia-image-container.av-lnvkmiuj-d181d161279e08aef5df88c4d6240e8c .av-image-caption-overlay-center{\ncolor:#ffffff;\n}\n<\/style>\n<div  class='avia-image-container av-lnvkmiuj-d181d161279e08aef5df88c4d6240e8c av-styling- avia-align-center  avia-builder-el-12  el_before_av_textblock  avia-builder-el-first '   itemprop=\"image\" itemscope=\"itemscope\" itemtype=\"https:\/\/schema.org\/ImageObject\" ><div class=\"avia-image-container-inner\"><div class=\"avia-image-overlay-wrap\"><img decoding=\"async\" fetchpriority=\"high\" class='wp-image-1256 avia-img-lazy-loading-not-1256 avia_image ' src=\"https:\/\/majuycomunicaciones.com.co\/wp-content\/uploads\/2023\/10\/9-1.png\" alt='' title='9'  height=\"1157\" width=\"1728\"  itemprop=\"thumbnailUrl\" srcset=\"https:\/\/majuycomunicaciones.com.co\/wp-content\/uploads\/2023\/10\/9-1.png 1728w, https:\/\/majuycomunicaciones.com.co\/wp-content\/uploads\/2023\/10\/9-1-300x201.png 300w, https:\/\/majuycomunicaciones.com.co\/wp-content\/uploads\/2023\/10\/9-1-1030x690.png 1030w, https:\/\/majuycomunicaciones.com.co\/wp-content\/uploads\/2023\/10\/9-1-768x514.png 768w, https:\/\/majuycomunicaciones.com.co\/wp-content\/uploads\/2023\/10\/9-1-1536x1028.png 1536w, https:\/\/majuycomunicaciones.com.co\/wp-content\/uploads\/2023\/10\/9-1-1500x1004.png 1500w, https:\/\/majuycomunicaciones.com.co\/wp-content\/uploads\/2023\/10\/9-1-705x472.png 705w\" sizes=\"(max-width: 1728px) 100vw, 1728px\" \/><\/div><\/div><\/div><br \/>\n<section  class='av_textblock_section av-7tyv-128d4c8eaf5b97c774b59284290330ae '   itemscope=\"itemscope\" itemtype=\"https:\/\/schema.org\/CreativeWork\" ><div class='avia_textblock'  itemprop=\"text\" ><p style=\"text-align: justify;\">Somos una empresa fundada en 2023, por Comunicadores con una larga trayectoria de m\u00e1s de 19 a\u00f1os, liderando equipos de comunicaci\u00f3n, dise\u00f1o, mercadeo y publicidad para una interesante variedad de industrias y segmentos: prensa impresa y digital, televisi\u00f3n, radio, servicios B2B y B2C, institucional, editorial, farmac\u00e9utica, salud, educaci\u00f3n y tecnolog\u00eda; trayectoria que hoy le permite a Majuy Comunicaciones disponer de una amplia red de colegas y talentosos colaboradores profesionales, con habilidades espec\u00edficas y especializadas, que potencializan y complementan cada proyecto que nos conf\u00edan nuestros clientes.<\/p>\n<h4 style=\"text-align: center;\"><strong>En<\/strong> <strong>Majuy Comunicaciones sabemos que la construcci\u00f3n colaborativa es lo que genera los resultados m\u00e1s exitosos<\/strong><\/h4>\n<p style=\"text-align: justify;\">Nuestro Know How est\u00e1, no solo en el conocimiento, sino en asignar los proyectos correctos a las personas correctas, as\u00ed logramos eficiencia en los tiempos, efectividad en los resultados y un retorno justo de la inversi\u00f3n de nuestros clientes. Contamos con un equipo de colaboradores freelance a nivel nacional e internacional y con un pool de proveedores entre fabricantes directos e importadores que permiten que podamos ofrecer precios muy competitivos.<\/p>\n<\/div><\/section><\/p><\/div>\n<style type=\"text\/css\" data-created_by=\"avia_inline_auto\" id=\"style-css-av-1ox2v-da06db75b24e8a96e7da9830c998018c\">\n.flex_column.av-1ox2v-da06db75b24e8a96e7da9830c998018c{\nborder-radius:0px 0px 0px 0px;\npadding:0px 0px 0px 0px;\n}\n<\/style>\n<div  id=\"equipo\"  class='flex_column av-1ox2v-da06db75b24e8a96e7da9830c998018c av_one_half  avia-builder-el-14  el_after_av_one_half  el_before_av_one_full  flex_column_div av-animated-generic bottom-to-top av-zero-column-padding  column-top-margin'     ><p>\n<style type=\"text\/css\" data-created_by=\"avia_inline_auto\" id=\"style-css-av-lnvkqi0s-bc3aacd963e9dc22aa1dca3f71f3766a\">\n.avia-image-container.av-lnvkqi0s-bc3aacd963e9dc22aa1dca3f71f3766a img.avia_image{\nbox-shadow:none;\n}\n.avia-image-container.av-lnvkqi0s-bc3aacd963e9dc22aa1dca3f71f3766a .av-image-caption-overlay-center{\ncolor:#ffffff;\n}\n<\/style>\n<div  class='avia-image-container av-lnvkqi0s-bc3aacd963e9dc22aa1dca3f71f3766a av-styling- avia-align-center  avia-builder-el-15  el_before_av_textblock  avia-builder-el-first '   itemprop=\"image\" itemscope=\"itemscope\" itemtype=\"https:\/\/schema.org\/ImageObject\" ><div class=\"avia-image-container-inner\"><div class=\"avia-image-overlay-wrap\"><img decoding=\"async\" fetchpriority=\"high\" class='wp-image-1257 avia-img-lazy-loading-not-1257 avia_image ' src=\"https:\/\/majuycomunicaciones.com.co\/wp-content\/uploads\/2023\/10\/10.png\" alt='' title='10'  height=\"1157\" width=\"1728\"  itemprop=\"thumbnailUrl\" srcset=\"https:\/\/majuycomunicaciones.com.co\/wp-content\/uploads\/2023\/10\/10.png 1728w, https:\/\/majuycomunicaciones.com.co\/wp-content\/uploads\/2023\/10\/10-300x201.png 300w, https:\/\/majuycomunicaciones.com.co\/wp-content\/uploads\/2023\/10\/10-1030x690.png 1030w, https:\/\/majuycomunicaciones.com.co\/wp-content\/uploads\/2023\/10\/10-768x514.png 768w, https:\/\/majuycomunicaciones.com.co\/wp-content\/uploads\/2023\/10\/10-1536x1028.png 1536w, https:\/\/majuycomunicaciones.com.co\/wp-content\/uploads\/2023\/10\/10-1500x1004.png 1500w, https:\/\/majuycomunicaciones.com.co\/wp-content\/uploads\/2023\/10\/10-705x472.png 705w\" sizes=\"(max-width: 1728px) 100vw, 1728px\" \/><\/div><\/div><\/div><br \/>\n<section  class='av_textblock_section av-lnofopmw-e339a260d5a7ffbd7767165bf5499b66 '   itemscope=\"itemscope\" itemtype=\"https:\/\/schema.org\/CreativeWork\" ><div class='avia_textblock'  itemprop=\"text\" ><p class=\"x_MsoNormal\" style=\"text-align: justify;\">En Majuy sabemos que la Comunicaci\u00f3n es el Solvente Universal, por ello somos transparentes y abiertos en la forma en la que nos comunicamos. Si decides darnos una oportunidad como tu agencia de Comunicaciones y te atreves a conocernos, podemos prometerte que encontrar\u00e1s en nosotros los siguientes valores:<\/p>\n<ul>\n<li class=\"x_gmail-MsoListParagraphCxSpFirst\">Respeto<\/li>\n<li class=\"x_gmail-MsoListParagraphCxSpMiddle\">Responsabilidad<\/li>\n<li class=\"x_gmail-MsoListParagraphCxSpMiddle\">Compromiso<\/li>\n<li class=\"x_gmail-MsoListParagraphCxSpMiddle\">Disciplina<\/li>\n<li class=\"x_gmail-MsoListParagraphCxSpMiddle\">Recursividad<\/li>\n<li class=\"x_gmail-MsoListParagraphCxSpLast\">Resiliencia<\/li>\n<\/ul>\n<p class=\"x_MsoNormal\" style=\"text-align: justify;\">Si lo que buscas es una agencia con personas confiables, honestas y profesionales que trabajen hombro a hombro con tu empresa, sin duda encontrar\u00e1s en nosotros ese aliado incondicional.<\/p>\n<\/div><\/section><\/p><\/div>\n<style type=\"text\/css\" data-created_by=\"avia_inline_auto\" id=\"style-css-av-1185b-e3291ac886d75143440b8d4907ab0065\">\n.flex_column.av-1185b-e3291ac886d75143440b8d4907ab0065{\nborder-radius:0px 0px 0px 0px;\npadding:0px 0px 0px 0px;\n}\n<\/style>\n<div  id=\"equipo\"  class='flex_column av-1185b-e3291ac886d75143440b8d4907ab0065 av_one_full  avia-builder-el-17  el_after_av_one_half  avia-builder-el-last  first flex_column_div av-animated-generic bottom-to-top av-zero-column-padding  column-top-margin'     ><section  class='av_textblock_section av-lnhxw616-3c56e37b259a88c8cfed8578da4796aa '   itemscope=\"itemscope\" itemtype=\"https:\/\/schema.org\/CreativeWork\" ><div class='avia_textblock'  itemprop=\"text\" ><h1 style=\"text-align: center;\">\u00a1Somos Majuy Comunicaciones!<\/h1>\n<\/div><\/section><\/div>\n","protected":false},"excerpt":{"rendered":"","protected":false},"author":1,"featured_media":0,"parent":0,"menu_order":0,"comment_status":"closed","ping_status":"closed","template":"","meta":{"om_disable_all_campaigns":false,"footnotes":""},"class_list":["post-31","page","type-page","status-publish","hentry"],"aioseo_notices":[],"_links":{"self":[{"href":"https:\/\/majuycomunicaciones.com.co\/index.php\/wp-json\/wp\/v2\/pages\/31","targetHints":{"allow":["GET"]}}],"collection":[{"href":"https:\/\/majuycomunicaciones.com.co\/index.php\/wp-json\/wp\/v2\/pages"}],"about":[{"href":"https:\/\/majuycomunicaciones.com.co\/index.php\/wp-json\/wp\/v2\/types\/page"}],"author":[{"embeddable":true,"href":"https:\/\/majuycomunicaciones.com.co\/index.php\/wp-json\/wp\/v2\/users\/1"}],"replies":[{"embeddable":true,"href":"https:\/\/majuycomunicaciones.com.co\/index.php\/wp-json\/wp\/v2\/comments?post=31"}],"version-history":[{"count":30,"href":"https:\/\/majuycomunicaciones.com.co\/index.php\/wp-json\/wp\/v2\/pages\/31\/revisions"}],"predecessor-version":[{"id":2887,"href":"https:\/\/majuycomunicaciones.com.co\/index.php\/wp-json\/wp\/v2\/pages\/31\/revisions\/2887"}],"wp:attachment":[{"href":"https:\/\/majuycomunicaciones.com.co\/index.php\/wp-json\/wp\/v2\/media?parent=31"}],"curies":[{"name":"wp","href":"https:\/\/api.w.org\/{rel}","templated":true}]}}