{"id":966,"date":"2023-10-16T10:02:52","date_gmt":"2023-10-16T10:02:52","guid":{"rendered":"https:\/\/majuycomunicaciones.com.co\/?page_id=966"},"modified":"2023-10-23T16:48:58","modified_gmt":"2023-10-23T16:48:58","slug":"trabaja-con-nosotros","status":"publish","type":"page","link":"https:\/\/majuycomunicaciones.com.co\/index.php\/trabaja-con-nosotros\/","title":{"rendered":"Trabaja con nosotros"},"content":{"rendered":"<div id='av_section_1'  class='avia-section av-cxg5a-edb6afa7ade066bc72677ba939f5df95 main_color avia-section-default avia-no-border-styling  avia-builder-el-0  avia-builder-el-no-sibling  avia-bg-style-scroll container_wrap fullsize'  ><div class='container av-section-cont-open' ><main  role=\"main\" itemprop=\"mainContentOfPage\"  class='template-page content  av-content-full alpha units'><div class='post-entry post-entry-type-page post-entry-966'><div class='entry-content-wrapper clearfix'>\n<div  class='avia-slideshow av-lnsqtgy7-d742218b9183b8121c5e035276785219 avia-slideshow-featured av_slideshow avia-slide-slider  avia-builder-el-1  el_before_av_slideshow  avia-builder-el-first  av-small-hide av-mini-hide av-slideshow-ui av-control-default av-slideshow-manual av-loop-once av-loop-manual-endless av-default-height-applied avia-slideshow-1' data-slideshow-options=\"{&quot;animation&quot;:&quot;slide&quot;,&quot;autoplay&quot;:false,&quot;loop_autoplay&quot;:&quot;once&quot;,&quot;interval&quot;:5,&quot;loop_manual&quot;:&quot;manual-endless&quot;,&quot;autoplay_stopper&quot;:false,&quot;noNavigation&quot;:false,&quot;bg_slider&quot;:false,&quot;keep_padding&quot;:false,&quot;hoverpause&quot;:false,&quot;show_slide_delay&quot;:0}\"  itemprop=\"image\" itemscope=\"itemscope\" itemtype=\"https:\/\/schema.org\/ImageObject\" ><ul class='avia-slideshow-inner ' style='padding-bottom: 28.666666666667%;'><li  data-controls='aviaTBaviaTBvideo_controls' data-mute='aviaTBaviaTBvideo_mute' data-loop='aviaTBaviaTBvideo_loop' data-disable-autoplay=''  data-video-ratio='1.7777777777778' class='avia-slideshow-slide av-lnsqtgy7-d742218b9183b8121c5e035276785219__0  av-video-slide  av-video-service-html5  av-hide-video-controls av-mute-video av-loop-video av-mobile-fallback-image  av-single-slide slide-1 slide-odd'><div data-rel='slideshow-1' class='avia-slide-wrap '    itemprop=\"video\" itemtype=\"https:\/\/schema.org\/VideoObject\" ><div class='av-click-overlay'><\/div><video class='avia_video'  autoplay playsinline loop preload=\"metadata\" muted  id='player_966_1439179330_131043791'><source src=\"https:\/\/majuycomunicaciones.com.co\/wp-content\/uploads\/2023\/10\/Banner-trabaja-con-nosotros.mp4\" type=\"video\/mp4\" \/><\/video><div class=\"av-click-to-play-overlay\"><div class=\"avia_playpause_icon\"><\/div><\/div><\/div><\/li><\/ul><\/div>\n<div  class='avia-slideshow av-lo34tflt-1ca6d36145182a61d4e77fa82dedf610 avia-slideshow-no scaling av_slideshow avia-slide-slider  avia-builder-el-2  el_after_av_slideshow  el_before_av_one_full  av-desktop-hide av-medium-hide av-slideshow-ui av-control-default av-slideshow-manual av-loop-once av-loop-manual-endless av-default-height-applied avia-slideshow-2' data-slideshow-options=\"{&quot;animation&quot;:&quot;slide&quot;,&quot;autoplay&quot;:false,&quot;loop_autoplay&quot;:&quot;once&quot;,&quot;interval&quot;:5,&quot;loop_manual&quot;:&quot;manual-endless&quot;,&quot;autoplay_stopper&quot;:false,&quot;noNavigation&quot;:false,&quot;bg_slider&quot;:false,&quot;keep_padding&quot;:false,&quot;hoverpause&quot;:false,&quot;show_slide_delay&quot;:0}\"  itemprop=\"image\" itemscope=\"itemscope\" itemtype=\"https:\/\/schema.org\/ImageObject\" ><ul class='avia-slideshow-inner ' style='padding-bottom: 56.25%;'><li  class='avia-slideshow-slide av-lo34tflt-1ca6d36145182a61d4e77fa82dedf610__0  av-single-slide slide-1 slide-odd'><div data-rel='slideshow-2' class='avia-slide-wrap '   ><img decoding=\"async\" fetchpriority=\"high\" class=\"wp-image-1545 avia-img-lazy-loading-not-1545\"  src=\"https:\/\/majuycomunicaciones.com.co\/wp-content\/uploads\/2023\/10\/trabaja-con-nosotros.png\" width=\"1920\" height=\"1080\" title='trabaja con nosotros' alt=''  itemprop=\"thumbnailUrl\" srcset=\"https:\/\/majuycomunicaciones.com.co\/wp-content\/uploads\/2023\/10\/trabaja-con-nosotros.png 1920w, https:\/\/majuycomunicaciones.com.co\/wp-content\/uploads\/2023\/10\/trabaja-con-nosotros-300x169.png 300w, https:\/\/majuycomunicaciones.com.co\/wp-content\/uploads\/2023\/10\/trabaja-con-nosotros-1030x579.png 1030w, https:\/\/majuycomunicaciones.com.co\/wp-content\/uploads\/2023\/10\/trabaja-con-nosotros-768x432.png 768w, https:\/\/majuycomunicaciones.com.co\/wp-content\/uploads\/2023\/10\/trabaja-con-nosotros-1536x864.png 1536w, https:\/\/majuycomunicaciones.com.co\/wp-content\/uploads\/2023\/10\/trabaja-con-nosotros-1500x844.png 1500w, https:\/\/majuycomunicaciones.com.co\/wp-content\/uploads\/2023\/10\/trabaja-con-nosotros-705x397.png 705w\" sizes=\"(max-width: 1920px) 100vw, 1920px\" \/><\/div><\/li><\/ul><\/div>\n<div  class='flex_column av-8uuda-b27c31b71323a5427abbc59f43db0221 av_one_full  avia-builder-el-3  el_after_av_slideshow  avia-builder-el-last  first flex_column_div  '     ><section  class='av_textblock_section av-lnsqc5gf-d0dd12354e45e6bce19817687e5e327a '   itemscope=\"itemscope\" itemtype=\"https:\/\/schema.org\/CreativeWork\" ><div class='avia_textblock'  itemprop=\"text\" ><p class=\"x_MsoNormal\" style=\"text-align: justify;\">En Majuy Comunicaciones constantemente nos encontramos en la b\u00fasqueda de nuevos talentos que deseen formar parte de nuestro equipo, bien sea in house o freelance, si te encuentras interesado y tienes conocimiento espec\u00edfico y buena experiencia en algunas de estas \u00e1reas: Comunicaciones, Mercadeo, Publicidad, Dise\u00f1o o Audiovisuales, env\u00edanos tu HDV y portafolio a trav\u00e9s del correo\u00a0<a id=\"LPlnk108719\" href=\"mailto:info@majuycomunicaciones.com.co\" data-linkindex=\"0\">info@majuycomunicaciones.com.co<\/a>\u00a0y te tendremos en cuenta para futuras oportunidades.<\/p>\n<p class=\"x_MsoNormal\" style=\"text-align: justify;\"><b>\u00bfQu\u00e9 buscamos?<\/b><\/p>\n<p class=\"x_MsoNormal\" style=\"text-align: justify;\">Necesitamos talentos honestos, apasionados por el cumplimiento de metas y que den calidad y garant\u00edas por sus trabajos; que adem\u00e1s sean muy profesionales y con ideas creativas, que nos aporten soluciones recursivas a los retos que nos proponen nuestros clientes. Si cumples con ese perfil es el momento que nos cuentes en el correo, \u00bfqui\u00e9n eres y\u00a0que\u00a0sabes hacer?<\/p>\n<p class=\"x_MsoNormal\" style=\"text-align: justify;\"><b>\u00bfQu\u00e9 te ofrecemos?<\/b><b><\/b><\/p>\n<p class=\"x_MsoNormal\" style=\"text-align: justify;\">Dependiendo de las vacantes o necesidades que tengamos, te ofreceremos la posibilidad de realizar trabajo 100% remoto u otros en modalidad hibrida o con participaci\u00f3n eventual solo por proyectos con horarios 100% flexibles que se ajusten en funci\u00f3n de los tiempos del proyecto que tengas asignado. Nuestra modalidad de remuneraci\u00f3n para ti podr\u00e1 ser por proyectos o por salario fijo.<\/p>\n<h2 class=\"x_MsoNormal\" align=\"center\"><b>Esta es tu oportunidad para trabajar en una agencia diferente, de aprender y de aportarnos tu experiencia y tus ideas en un ambiente con excelente clima laboral.<\/b><\/h2>\n<\/div><\/section><\/div>\n","protected":false},"excerpt":{"rendered":"","protected":false},"author":2,"featured_media":0,"parent":0,"menu_order":0,"comment_status":"closed","ping_status":"closed","template":"","meta":{"om_disable_all_campaigns":false,"footnotes":""},"class_list":["post-966","page","type-page","status-publish","hentry"],"aioseo_notices":[],"_links":{"self":[{"href":"https:\/\/majuycomunicaciones.com.co\/index.php\/wp-json\/wp\/v2\/pages\/966","targetHints":{"allow":["GET"]}}],"collection":[{"href":"https:\/\/majuycomunicaciones.com.co\/index.php\/wp-json\/wp\/v2\/pages"}],"about":[{"href":"https:\/\/majuycomunicaciones.com.co\/index.php\/wp-json\/wp\/v2\/types\/page"}],"author":[{"embeddable":true,"href":"https:\/\/majuycomunicaciones.com.co\/index.php\/wp-json\/wp\/v2\/users\/2"}],"replies":[{"embeddable":true,"href":"https:\/\/majuycomunicaciones.com.co\/index.php\/wp-json\/wp\/v2\/comments?post=966"}],"version-history":[{"count":9,"href":"https:\/\/majuycomunicaciones.com.co\/index.php\/wp-json\/wp\/v2\/pages\/966\/revisions"}],"predecessor-version":[{"id":1580,"href":"https:\/\/majuycomunicaciones.com.co\/index.php\/wp-json\/wp\/v2\/pages\/966\/revisions\/1580"}],"wp:attachment":[{"href":"https:\/\/majuycomunicaciones.com.co\/index.php\/wp-json\/wp\/v2\/media?parent=966"}],"curies":[{"name":"wp","href":"https:\/\/api.w.org\/{rel}","templated":true}]}}